{"id":442,"date":"2017-11-29T09:46:52","date_gmt":"2017-11-29T09:46:52","guid":{"rendered":"http:\/\/sezeromer.com\/?page_id=442"},"modified":"2018-02-03T11:20:20","modified_gmt":"2018-02-03T11:20:20","slug":"girisim","status":"publish","type":"page","link":"https:\/\/sezeromer.com\/en\/girisim\/","title":{"rendered":"Start-Up"},"content":{"rendered":"<div class=\"pt-cv-wrapper\"><div class=\"pt-cv-view pt-cv-grid pt-cv-colsys\" id=\"pt-cv-view-ba56d2dyw2\"><div data-id=\"pt-cv-page-1\" class=\"pt-cv-page\" data-cvc=\"2\"><div class=\"col-md-6 col-sm-6 col-xs-12 pt-cv-content-item pt-cv-1-col\" ><div class='pt-cv-ifield'><a href=\"https:\/\/sezeromer.com\/en\/spatcher-yayinda\/\" class=\"_self pt-cv-href-thumbnail pt-cv-thumb-default\" target=\"_self\" ><img loading=\"lazy\" decoding=\"async\" width=\"300\" height=\"300\" src=\"https:\/\/sezeromer.com\/wp-content\/uploads\/2018\/04\/spatcher-300x300.png\" class=\"pt-cv-thumbnail\" alt=\"\" srcset=\"https:\/\/sezeromer.com\/wp-content\/uploads\/2018\/04\/spatcher-300x300.png 300w, https:\/\/sezeromer.com\/wp-content\/uploads\/2018\/04\/spatcher-150x150.png 150w, https:\/\/sezeromer.com\/wp-content\/uploads\/2018\/04\/spatcher-768x768.png 768w, https:\/\/sezeromer.com\/wp-content\/uploads\/2018\/04\/spatcher-160x160.png 160w, https:\/\/sezeromer.com\/wp-content\/uploads\/2018\/04\/spatcher-320x320.png 320w, https:\/\/sezeromer.com\/wp-content\/uploads\/2018\/04\/spatcher.png 1024w\" sizes=\"(max-width: 300px) 100vw, 300px\" \/><\/a>\n<h4 class=\"pt-cv-title\"><a href=\"https:\/\/sezeromer.com\/en\/spatcher-yayinda\/\" class=\"_self\" target=\"_self\" >Spatcher Published<\/a><\/h4>\n<div class=\"pt-cv-content\">Our practice Spatcher is running on us for a very long time. Spammer, we developed with Xamarin, is an application ...<br \/><div class=\"pt-cv-rmwrap\"><a href=\"https:\/\/sezeromer.com\/en\/spatcher-yayinda\/\" class=\"_self pt-cv-readmore btn btn-success\" target=\"_self\">Daha Fazlas\u0131n\u0131 Oku<\/a><\/div><\/div><\/div><\/div>\n<div class=\"col-md-6 col-sm-6 col-xs-12 pt-cv-content-item pt-cv-1-col\" ><div class='pt-cv-ifield'><a href=\"https:\/\/sezeromer.com\/en\/girisimciler-icin-programlar\/\" class=\"_self pt-cv-href-thumbnail pt-cv-thumb-default\" target=\"_self\" ><img loading=\"lazy\" decoding=\"async\" width=\"300\" height=\"200\" src=\"https:\/\/sezeromer.com\/wp-content\/uploads\/2017\/12\/Girisim-300x200.jpg\" class=\"pt-cv-thumbnail\" alt=\"\" srcset=\"https:\/\/sezeromer.com\/wp-content\/uploads\/2017\/12\/Girisim-300x200.jpg 300w, https:\/\/sezeromer.com\/wp-content\/uploads\/2017\/12\/Girisim-768x513.jpg 768w, https:\/\/sezeromer.com\/wp-content\/uploads\/2017\/12\/Girisim-1024x684.jpg 1024w\" sizes=\"(max-width: 300px) 100vw, 300px\" \/><\/a>\n<h4 class=\"pt-cv-title\"><a href=\"https:\/\/sezeromer.com\/en\/girisimciler-icin-programlar\/\" class=\"_self\" target=\"_self\" >Programs for Entrepreneurs<\/a><\/h4>\n<div class=\"pt-cv-content\">Entrepreneurial people may have to do all they have to do first for their projects. It does everything from design ...<br \/><div class=\"pt-cv-rmwrap\"><a href=\"https:\/\/sezeromer.com\/en\/girisimciler-icin-programlar\/\" class=\"_self pt-cv-readmore btn btn-success\" target=\"_self\">Daha Fazlas\u0131n\u0131 Oku<\/a><\/div><\/div><\/div><\/div>\n<div class=\"col-md-6 col-sm-6 col-xs-12 pt-cv-content-item pt-cv-1-col\" ><div class='pt-cv-ifield'><a href=\"https:\/\/sezeromer.com\/en\/girisimciler-icin-basvurulacak-yerler\/\" class=\"_self pt-cv-href-thumbnail pt-cv-thumb-default\" target=\"_self\" ><img loading=\"lazy\" decoding=\"async\" width=\"300\" height=\"147\" src=\"https:\/\/sezeromer.com\/wp-content\/uploads\/2017\/08\/\u0130t\u00fc-300x147.jpg\" class=\"pt-cv-thumbnail\" alt=\"\" srcset=\"https:\/\/sezeromer.com\/wp-content\/uploads\/2017\/08\/\u0130t\u00fc-300x147.jpg 300w, https:\/\/sezeromer.com\/wp-content\/uploads\/2017\/08\/\u0130t\u00fc-768x376.jpg 768w, https:\/\/sezeromer.com\/wp-content\/uploads\/2017\/08\/\u0130t\u00fc-1024x502.jpg 1024w, https:\/\/sezeromer.com\/wp-content\/uploads\/2017\/08\/\u0130t\u00fc.jpg 1265w\" sizes=\"(max-width: 300px) 100vw, 300px\" \/><\/a>\n<h4 class=\"pt-cv-title\"><a href=\"https:\/\/sezeromer.com\/en\/girisimciler-icin-basvurulacak-yerler\/\" class=\"_self\" target=\"_self\" >Giri\u015fimciler i\u00e7in ba\u015fvurulacak yerler<\/a><\/h4>\n<div class=\"pt-cv-content\">1- \u0130TU \u00c7ekirdek \u0130t\u00fc \u00e7ekirdek belki de T\u00fcrkiye&#8217;de giri\u015fimcilere en \u00e7ok destek olan kurumlardan birisidir. E\u011fer projeniz be\u011fenilirse size ofis ...<br \/><div class=\"pt-cv-rmwrap\"><a href=\"https:\/\/sezeromer.com\/en\/girisimciler-icin-basvurulacak-yerler\/\" class=\"_self pt-cv-readmore btn btn-success\" target=\"_self\">Daha Fazlas\u0131n\u0131 Oku<\/a><\/div><\/div><\/div><\/div><\/div><\/div><\/div>\n","protected":false},"excerpt":{"rendered":"","protected":false},"author":1,"featured_media":0,"parent":0,"menu_order":4,"comment_status":"closed","ping_status":"closed","template":"templates\/full-width.php","meta":{"footnotes":""},"class_list":["post-442","page","type-page","status-publish","hentry"],"aioseo_notices":[],"_links":{"self":[{"href":"https:\/\/sezeromer.com\/en\/wp-json\/wp\/v2\/pages\/442"}],"collection":[{"href":"https:\/\/sezeromer.com\/en\/wp-json\/wp\/v2\/pages"}],"about":[{"href":"https:\/\/sezeromer.com\/en\/wp-json\/wp\/v2\/types\/page"}],"author":[{"embeddable":true,"href":"https:\/\/sezeromer.com\/en\/wp-json\/wp\/v2\/users\/1"}],"replies":[{"embeddable":true,"href":"https:\/\/sezeromer.com\/en\/wp-json\/wp\/v2\/comments?post=442"}],"version-history":[{"count":2,"href":"https:\/\/sezeromer.com\/en\/wp-json\/wp\/v2\/pages\/442\/revisions"}],"predecessor-version":[{"id":777,"href":"https:\/\/sezeromer.com\/en\/wp-json\/wp\/v2\/pages\/442\/revisions\/777"}],"wp:attachment":[{"href":"https:\/\/sezeromer.com\/en\/wp-json\/wp\/v2\/media?parent=442"}],"curies":[{"name":"wp","href":"https:\/\/api.w.org\/{rel}","templated":true}]}}