{"id":542,"date":"2018-01-07T09:23:06","date_gmt":"2018-01-07T09:23:06","guid":{"rendered":"http:\/\/sezeromer.com\/?page_id=542"},"modified":"2021-01-02T16:39:37","modified_gmt":"2021-01-02T16:39:37","slug":"sifreli-gunluk","status":"publish","type":"page","link":"https:\/\/sezeromer.com\/en\/projeler\/sifreli-gunluk\/","title":{"rendered":"(Turkish) \u015eifreli G\u00fcnl\u00fck"},"content":{"rendered":"<p class=\"qtranxs-available-languages-message qtranxs-available-languages-message-en\">Sorry, this entry is only available in <a href=\"https:\/\/sezeromer.com\/tr\/wp-json\/wp\/v2\/pages\/542\" class=\"qtranxs-available-language-link qtranxs-available-language-link-tr\" title=\"Turkish\">Turkish<\/a>.<\/p>","protected":false},"excerpt":{"rendered":"<p>Sorry, this entry is only available in Turkish.<\/p>\n","protected":false},"author":1,"featured_media":0,"parent":540,"menu_order":5,"comment_status":"closed","ping_status":"closed","template":"","meta":{"footnotes":""},"class_list":["post-542","page","type-page","status-publish","hentry"],"aioseo_notices":[],"_links":{"self":[{"href":"https:\/\/sezeromer.com\/en\/wp-json\/wp\/v2\/pages\/542"}],"collection":[{"href":"https:\/\/sezeromer.com\/en\/wp-json\/wp\/v2\/pages"}],"about":[{"href":"https:\/\/sezeromer.com\/en\/wp-json\/wp\/v2\/types\/page"}],"author":[{"embeddable":true,"href":"https:\/\/sezeromer.com\/en\/wp-json\/wp\/v2\/users\/1"}],"replies":[{"embeddable":true,"href":"https:\/\/sezeromer.com\/en\/wp-json\/wp\/v2\/comments?post=542"}],"version-history":[{"count":5,"href":"https:\/\/sezeromer.com\/en\/wp-json\/wp\/v2\/pages\/542\/revisions"}],"predecessor-version":[{"id":555,"href":"https:\/\/sezeromer.com\/en\/wp-json\/wp\/v2\/pages\/542\/revisions\/555"}],"up":[{"embeddable":true,"href":"https:\/\/sezeromer.com\/en\/wp-json\/wp\/v2\/pages\/540"}],"wp:attachment":[{"href":"https:\/\/sezeromer.com\/en\/wp-json\/wp\/v2\/media?parent=542"}],"curies":[{"name":"wp","href":"https:\/\/api.w.org\/{rel}","templated":true}]}}